{"id":101,"date":"2011-12-26T12:02:36","date_gmt":"2011-12-26T12:02:36","guid":{"rendered":"http:\/\/www.wincorp.cz\/wincorp\/?page_id=101"},"modified":"2014-01-20T01:21:53","modified_gmt":"2014-01-20T01:21:53","slug":"snekove-kompaktory-umwelttechnik","status":"publish","type":"page","link":"https:\/\/www.wincorp.cz\/wincorp\/?page_id=101","title":{"rendered":"\u0160nekov\u00e9 kompaktory UMWELTTECHNIK"},"content":{"rendered":"<p>Firma<strong> UMWELTTECHNIK<\/strong> vyr\u00e1b\u00ed kompaktory v dvoj\u00edm proveden\u00ed, mobiln\u00ed a stacion\u00e1rn\u00ed. V\u00fdkon motoru u mobiln\u00ed verze je 5,5 KW a u stacion\u00e1rn\u00ed verze se pohybuje od 9,2 kW do 15 kW v z\u00e1vislosti na modelu kompaktoru.<\/p>\n<p>Pomoc\u00ed kompaktoru lze zpracovat kart\u00f3ny, d\u0159ev\u011bn\u00e9 palety v\u010d. europalet, f\u00f3lie, PET lahve a zbytkov\u00fd odpad.<\/p>\n<p>Do kontejneru o objemu 30 m\u00b3 se vejde a\u017e 8\u00a0500 kg zhutn\u011bn\u00fdch kart\u00f3n\u016f, 6\u00a0000 kg d\u0159eva, 6\u00a0500 kg f\u00f3lie a 10\u00a0000 kg odpadu.<\/p>\n<p>D\u00edky konstruk\u010dn\u00edmu \u0159e\u0161en\u00ed ve form\u011b \u0161neku doch\u00e1z\u00ed k\u00a0rozdru\u017een\u00ed a rozdrcen\u00ed velk\u00e9ho mno\u017estv\u00ed materi\u00e1lu a jeho n\u00e1sledn\u00e9mu zhutn\u011bn\u00ed v\u00a0kr\u00e1tk\u00e9m \u010dasov\u00e9m intervalu. Nap\u0159. kompaktor je schopen zpracovat\/zhutnit a\u017e 200 m\u00b3 materi\u00e1lu (kart\u00f3nu atd.) za 60 min.<\/p>\n<p>Vybaven\u00ed kompaktoru lze p\u0159izp\u016fsobit individu\u00e1ln\u00edm po\u017eadavk\u016fm z\u00e1kazn\u00edka.<\/p>\n<p>&nbsp;<\/p>\n<p>Technick\u00e1 specifikace\u00a0(<a href=\"http:\/\/www.wincorp.cz\/wincorp\/wp-content\/uploads\/2011\/12\/TL-Umwelttechnik-uprav.pdf\" target=\"_blank\">soubor v PDF<\/a>)<\/p>\n","protected":false},"excerpt":{"rendered":"<p>Firma UMWELTTECHNIK vyr\u00e1b\u00ed kompaktory v dvoj\u00edm proveden\u00ed, mobiln\u00ed a stacion\u00e1rn\u00ed. V\u00fdkon motoru u mobiln\u00ed verze je 5,5 KW a u stacion\u00e1rn\u00ed verze se pohybuje od 9,2 kW [&hellip;]<\/p>\n","protected":false},"author":2,"featured_media":284,"parent":24,"menu_order":6,"comment_status":"open","ping_status":"closed","template":"produkt.php","meta":[],"_links":{"self":[{"href":"https:\/\/www.wincorp.cz\/wincorp\/index.php?rest_route=\/wp\/v2\/pages\/101"}],"collection":[{"href":"https:\/\/www.wincorp.cz\/wincorp\/index.php?rest_route=\/wp\/v2\/pages"}],"about":[{"href":"https:\/\/www.wincorp.cz\/wincorp\/index.php?rest_route=\/wp\/v2\/types\/page"}],"author":[{"embeddable":true,"href":"https:\/\/www.wincorp.cz\/wincorp\/index.php?rest_route=\/wp\/v2\/users\/2"}],"replies":[{"embeddable":true,"href":"https:\/\/www.wincorp.cz\/wincorp\/index.php?rest_route=%2Fwp%2Fv2%2Fcomments&post=101"}],"version-history":[{"count":12,"href":"https:\/\/www.wincorp.cz\/wincorp\/index.php?rest_route=\/wp\/v2\/pages\/101\/revisions"}],"predecessor-version":[{"id":376,"href":"https:\/\/www.wincorp.cz\/wincorp\/index.php?rest_route=\/wp\/v2\/pages\/101\/revisions\/376"}],"up":[{"embeddable":true,"href":"https:\/\/www.wincorp.cz\/wincorp\/index.php?rest_route=\/wp\/v2\/pages\/24"}],"wp:featuredmedia":[{"embeddable":true,"href":"https:\/\/www.wincorp.cz\/wincorp\/index.php?rest_route=\/wp\/v2\/media\/284"}],"wp:attachment":[{"href":"https:\/\/www.wincorp.cz\/wincorp\/index.php?rest_route=%2Fwp%2Fv2%2Fmedia&parent=101"}],"curies":[{"name":"wp","href":"https:\/\/api.w.org\/{rel}","templated":true}]}}