{"id":244,"date":"2012-01-30T16:27:10","date_gmt":"2012-01-30T16:27:10","guid":{"rendered":"http:\/\/www.wincorp.cz\/wincorp\/?page_id=244"},"modified":"2014-01-20T01:21:46","modified_gmt":"2014-01-20T01:21:46","slug":"vzduchovy-separator-folii","status":"publish","type":"page","link":"https:\/\/www.wincorp.cz\/wincorp\/?page_id=244","title":{"rendered":"Vzduchov\u00fd separ\u00e1tor SCHULZ&#038; BERGER"},"content":{"rendered":"<p>Vzduchov\u00fd separ\u00e1tor od firmy Schulz &amp;amp;amp;amp; Berger Luft- und Verfahrenstechnik GmbH umo\u017e\u0148uje vyt\u0159\u00edd\u011bn\u00ed lehk\u00e9 frakce z toku materi\u00e1lu, p\u0159edev\u0161\u00edm f\u00f3li\u00ed. Separ\u00e1tor f\u00f3li\u00ed se skl\u00e1d\u00e1 ze dvou perforovan\u00fdch rotuj\u00edc\u00edch bubn\u016f o pr\u016fm\u011bru 850 mm, s po\u017eadovan\u00fdm p\u0159\u00edkonem 30 kW. Dle pot\u0159eby lze u bubn\u016f nastavovat jejich rychlost i vzd\u00e1lenost.<\/p>\n<p>F\u00f3lie jsou separov\u00e1ny pomoc\u00ed p\u0159\u00edtlaku a podtlaku u obou bubn\u016f. Ventil\u00e1tor p\u0159iv\u00e1d\u00ed a odv\u00e1d\u00ed do bubn\u016f vzduch a t\u00edm doch\u00e1z\u00ed v polovin\u011b vnit\u0159n\u00ed \u010d\u00e1sti bubnu k nas\u00e1v\u00e1n\u00ed a v druh\u00e9 polovin\u011b k ods\u00e1v\u00e1n\u00ed. Odseparovan\u00e9 f\u00f3lie d\u00e1le pokra\u010duj\u00ed pomoc\u00ed odst\u0159ediv\u00e9 s\u00edly po povrchu bubn\u016f na n\u00e1sledn\u00fd dopravn\u00edk a t\u011b\u017ek\u00e1 frakce propad\u00e1 na spodn\u00ed dopravn\u00edk, kter\u00fd ji odv\u00e1d\u00ed k dal\u0161\u00edmu zpracov\u00e1n\u00ed.<\/p>\n<p>D\u00edky optim\u00e1ln\u00ed \u0161\u00ed\u0159i p\u0159iv\u00e1d\u011bc\u00edho dopravn\u00edku k separ\u00e1toru, kter\u00e1 je 1.400 mm a jeho staviteln\u00e9 rychlosti a\u017e do 2,5 m\/s je dosa\u017eena vysok\u00e1 \u010distota odd\u011blen\u00e9 frakce f\u00f3li\u00ed t\u00e9m\u011b\u0159 92 %.<\/p>\n","protected":false},"excerpt":{"rendered":"<p>Vzduchov\u00fd separ\u00e1tor od firmy Schulz &amp;amp;amp;amp; Berger Luft- und Verfahrenstechnik GmbH umo\u017e\u0148uje vyt\u0159\u00edd\u011bn\u00ed lehk\u00e9 frakce z toku materi\u00e1lu, p\u0159edev\u0161\u00edm f\u00f3li\u00ed. Separ\u00e1tor f\u00f3li\u00ed se skl\u00e1d\u00e1 ze dvou perforovan\u00fdch [&hellip;]<\/p>\n","protected":false},"author":2,"featured_media":245,"parent":24,"menu_order":2,"comment_status":"open","ping_status":"closed","template":"produkt.php","meta":[],"_links":{"self":[{"href":"https:\/\/www.wincorp.cz\/wincorp\/index.php?rest_route=\/wp\/v2\/pages\/244"}],"collection":[{"href":"https:\/\/www.wincorp.cz\/wincorp\/index.php?rest_route=\/wp\/v2\/pages"}],"about":[{"href":"https:\/\/www.wincorp.cz\/wincorp\/index.php?rest_route=\/wp\/v2\/types\/page"}],"author":[{"embeddable":true,"href":"https:\/\/www.wincorp.cz\/wincorp\/index.php?rest_route=\/wp\/v2\/users\/2"}],"replies":[{"embeddable":true,"href":"https:\/\/www.wincorp.cz\/wincorp\/index.php?rest_route=%2Fwp%2Fv2%2Fcomments&post=244"}],"version-history":[{"count":9,"href":"https:\/\/www.wincorp.cz\/wincorp\/index.php?rest_route=\/wp\/v2\/pages\/244\/revisions"}],"predecessor-version":[{"id":372,"href":"https:\/\/www.wincorp.cz\/wincorp\/index.php?rest_route=\/wp\/v2\/pages\/244\/revisions\/372"}],"up":[{"embeddable":true,"href":"https:\/\/www.wincorp.cz\/wincorp\/index.php?rest_route=\/wp\/v2\/pages\/24"}],"wp:featuredmedia":[{"embeddable":true,"href":"https:\/\/www.wincorp.cz\/wincorp\/index.php?rest_route=\/wp\/v2\/media\/245"}],"wp:attachment":[{"href":"https:\/\/www.wincorp.cz\/wincorp\/index.php?rest_route=%2Fwp%2Fv2%2Fmedia&parent=244"}],"curies":[{"name":"wp","href":"https:\/\/api.w.org\/{rel}","templated":true}]}}