{"id":40,"date":"2011-12-23T13:11:16","date_gmt":"2011-12-23T13:11:16","guid":{"rendered":"http:\/\/www.wincorp.cz\/wincorp\/?page_id=40"},"modified":"2014-02-16T14:14:55","modified_gmt":"2014-02-16T14:14:55","slug":"kontakt","status":"publish","type":"page","link":"https:\/\/www.wincorp.cz\/wincorp\/?page_id=40","title":{"rendered":"Kontakt"},"content":{"rendered":"<div style=\"float: right;\"><iframe loading=\"lazy\" width=\"425\" height=\"350\" frameborder=\"0\" scrolling=\"no\" marginheight=\"0\" marginwidth=\"0\" src=\"https:\/\/maps.google.cz\/maps?oe=utf-8&amp;client=firefox-a&amp;channel=rcs&amp;q=Jugosl%C3%A1vsk%C3%BDch+partyz%C3%A1n%C5%AF+26,+160+41+Praha+6&amp;ie=UTF8&amp;hq=&amp;hnear=Jugosl%C3%A1vsk%C3%BDch+partyz%C3%A1n%C5%AF+26,+Praha+6&amp;gl=cz&amp;t=m&amp;brcurrent=5,0,0&amp;ll=50.112433,14.39827&amp;spn=0.019265,0.036478&amp;z=14&amp;iwloc=A&amp;output=embed\"><\/iframe><br \/><small><a href=\"https:\/\/maps.google.cz\/maps?oe=utf-8&amp;client=firefox-a&amp;channel=rcs&amp;q=Jugosl%C3%A1vsk%C3%BDch+partyz%C3%A1n%C5%AF+26,+160+41+Praha+6&amp;ie=UTF8&amp;hq=&amp;hnear=Jugosl%C3%A1vsk%C3%BDch+partyz%C3%A1n%C5%AF+26,+Praha+6&amp;gl=cz&amp;t=m&amp;brcurrent=5,0,0&amp;ll=50.112433,14.39827&amp;spn=0.019265,0.036478&amp;z=14&amp;iwloc=A&amp;source=embed\" style=\"color:#0000FF;text-align:left\">Zv\u011bt\u0161it mapu<\/a><\/small><\/div>\n<p style=\"text-align: left;\"><strong>WINCORP, s.r.o.<\/strong><\/p>\n<p style=\"text-align: left;\">Adresa: Jugosl\u00e1vsk\u00fdch partyz\u00e1n\u016f 26, 160 41 Praha 6<\/p>\n<p style=\"text-align: left;\">Tel: 257 325 450<\/p>\n<p style=\"text-align: left;\">Mobil: 723 450 247<\/p>\n<p style=\"text-align: left;\">Fax: 257 322 193<\/p>\n<p style=\"text-align: left;\">Mail:\u00a0<a href=\"mailto:wincorp@wincorp.cz\">wincorp@wincorp.cz<\/a><\/p>\n<p>&nbsp;<\/p>\n<div class=\"wpcf7\" id=\"wpcf7-f39-o1\"><form action=\"\/wincorp\/index.php?rest_route=%2Fwp%2Fv2%2Fpages%2F40#wpcf7-f39-o1\" method=\"post\" class=\"wpcf7-form\" novalidate=\"novalidate\">\n<div style=\"display: none;\">\n<input type=\"hidden\" name=\"_wpcf7\" value=\"39\" \/>\n<input type=\"hidden\" name=\"_wpcf7_version\" value=\"3.7\" \/>\n<input type=\"hidden\" name=\"_wpcf7_locale\" value=\"\" \/>\n<input type=\"hidden\" name=\"_wpcf7_unit_tag\" value=\"wpcf7-f39-o1\" \/>\n<input type=\"hidden\" name=\"_wpnonce\" value=\"7334885daa\" \/>\n<\/div>\n<p><span>Va\u0161e jm\u00e9no*<\/span><br \/>\n    <span class=\"wpcf7-form-control-wrap your-name\"><input type=\"text\" name=\"your-name\" value=\"\" size=\"40\" class=\"wpcf7-form-control wpcf7-text wpcf7-validates-as-required\" aria-required=\"true\" aria-invalid=\"false\" \/><\/span> <\/p>\n<p><span>V\u00e1\u0161 Email*<\/span><br \/>\n    <span class=\"wpcf7-form-control-wrap your-email\"><input type=\"email\" name=\"your-email\" value=\"\" size=\"40\" class=\"wpcf7-form-control wpcf7-text wpcf7-email wpcf7-validates-as-required wpcf7-validates-as-email\" aria-required=\"true\" aria-invalid=\"false\" \/><\/span> <\/p>\n<p><span>P\u0159edm\u011bt zpr\u00e1vy<\/span><br \/>\n    <span class=\"wpcf7-form-control-wrap your-subject\"><input type=\"text\" name=\"your-subject\" value=\"\" size=\"40\" class=\"wpcf7-form-control wpcf7-text\" aria-invalid=\"false\" \/><\/span> <\/p>\n<p><span>Va\u0161e zpr\u00e1va<\/span><br \/>\n    <span class=\"wpcf7-form-control-wrap your-message\"><textarea name=\"your-message\" cols=\"40\" rows=\"10\" class=\"wpcf7-form-control wpcf7-textarea\" aria-invalid=\"false\"><\/textarea><\/span> <\/p>\n<p><input type=\"submit\" value=\"Odeslat\" class=\"wpcf7-form-control wpcf7-submit\" \/><\/p>\n<div class=\"wpcf7-response-output wpcf7-display-none\"><\/div><\/form><\/div>\n","protected":false},"excerpt":{"rendered":"<p>Zv\u011bt\u0161it mapu WINCORP, s.r.o. Adresa: Jugosl\u00e1vsk\u00fdch partyz\u00e1n\u016f 26, 160 41 Praha 6 Tel: 257 325 450 Mobil: 723 450 247 Fax: 257 322 193 Mail:\u00a0wincorp@wincorp.cz &nbsp;<\/p>\n","protected":false},"author":2,"featured_media":0,"parent":0,"menu_order":0,"comment_status":"open","ping_status":"closed","template":"kontakt.php","meta":[],"_links":{"self":[{"href":"https:\/\/www.wincorp.cz\/wincorp\/index.php?rest_route=\/wp\/v2\/pages\/40"}],"collection":[{"href":"https:\/\/www.wincorp.cz\/wincorp\/index.php?rest_route=\/wp\/v2\/pages"}],"about":[{"href":"https:\/\/www.wincorp.cz\/wincorp\/index.php?rest_route=\/wp\/v2\/types\/page"}],"author":[{"embeddable":true,"href":"https:\/\/www.wincorp.cz\/wincorp\/index.php?rest_route=\/wp\/v2\/users\/2"}],"replies":[{"embeddable":true,"href":"https:\/\/www.wincorp.cz\/wincorp\/index.php?rest_route=%2Fwp%2Fv2%2Fcomments&post=40"}],"version-history":[{"count":24,"href":"https:\/\/www.wincorp.cz\/wincorp\/index.php?rest_route=\/wp\/v2\/pages\/40\/revisions"}],"predecessor-version":[{"id":393,"href":"https:\/\/www.wincorp.cz\/wincorp\/index.php?rest_route=\/wp\/v2\/pages\/40\/revisions\/393"}],"wp:attachment":[{"href":"https:\/\/www.wincorp.cz\/wincorp\/index.php?rest_route=%2Fwp%2Fv2%2Fmedia&parent=40"}],"curies":[{"name":"wp","href":"https:\/\/api.w.org\/{rel}","templated":true}]}}