{"id":401,"date":"2014-02-19T08:35:14","date_gmt":"2014-02-19T08:35:14","guid":{"rendered":"http:\/\/www.wincorp.cz\/wincorp\/?page_id=401"},"modified":"2014-04-28T10:13:35","modified_gmt":"2014-04-28T10:13:35","slug":"lehka-modelova-rada","status":"publish","type":"page","link":"https:\/\/www.wincorp.cz\/wincorp\/?page_id=401","title":{"rendered":"Lehk\u00e1 modelov\u00e1 \u0159ada"},"content":{"rendered":"\n<p>&nbsp;<\/p>\n<p>drti\u010de VAZ 700 \u2013 VAZ 1100<\/p>\n<p>kapacita 100 kg \u2013 1800 kg\/hod<\/p>\n<p>pr\u016fm\u011br rotoru 370 mm<\/p>\n","protected":false},"excerpt":{"rendered":"<p>&nbsp; drti\u010de VAZ 700 \u2013 VAZ 1100 kapacita 100 kg \u2013 1800 kg\/hod pr\u016fm\u011br rotoru 370 mm<\/p>\n","protected":false},"author":2,"featured_media":0,"parent":411,"menu_order":1,"comment_status":"closed","ping_status":"open","template":"produkt.php","meta":[],"_links":{"self":[{"href":"https:\/\/www.wincorp.cz\/wincorp\/index.php?rest_route=\/wp\/v2\/pages\/401"}],"collection":[{"href":"https:\/\/www.wincorp.cz\/wincorp\/index.php?rest_route=\/wp\/v2\/pages"}],"about":[{"href":"https:\/\/www.wincorp.cz\/wincorp\/index.php?rest_route=\/wp\/v2\/types\/page"}],"author":[{"embeddable":true,"href":"https:\/\/www.wincorp.cz\/wincorp\/index.php?rest_route=\/wp\/v2\/users\/2"}],"replies":[{"embeddable":true,"href":"https:\/\/www.wincorp.cz\/wincorp\/index.php?rest_route=%2Fwp%2Fv2%2Fcomments&post=401"}],"version-history":[{"count":5,"href":"https:\/\/www.wincorp.cz\/wincorp\/index.php?rest_route=\/wp\/v2\/pages\/401\/revisions"}],"predecessor-version":[{"id":522,"href":"https:\/\/www.wincorp.cz\/wincorp\/index.php?rest_route=\/wp\/v2\/pages\/401\/revisions\/522"}],"up":[{"embeddable":true,"href":"https:\/\/www.wincorp.cz\/wincorp\/index.php?rest_route=\/wp\/v2\/pages\/411"}],"wp:attachment":[{"href":"https:\/\/www.wincorp.cz\/wincorp\/index.php?rest_route=%2Fwp%2Fv2%2Fmedia&parent=401"}],"curies":[{"name":"wp","href":"https:\/\/api.w.org\/{rel}","templated":true}]}}