{"id":403,"date":"2014-02-19T08:36:32","date_gmt":"2014-02-19T08:36:32","guid":{"rendered":"http:\/\/www.wincorp.cz\/wincorp\/?page_id=403"},"modified":"2014-02-19T12:53:44","modified_gmt":"2014-02-19T12:53:44","slug":"stredni-modelova-rada","status":"publish","type":"page","link":"https:\/\/www.wincorp.cz\/wincorp\/?page_id=403","title":{"rendered":"St\u0159edn\u00ed modelov\u00e1 \u0159ada"},"content":{"rendered":"\n<p>&nbsp;<\/p>\n<p>drti\u010de VAZ 1300 \u2013 VAZ 1800<\/p>\n<p>kapacita 400 kg \u2013 6000 kg\/hod<\/p>\n<p>pr\u016fm\u011br rotoru 495 mm<\/p>\n","protected":false},"excerpt":{"rendered":"<p>&nbsp; drti\u010de VAZ 1300 \u2013 VAZ 1800 kapacita 400 kg \u2013 6000 kg\/hod pr\u016fm\u011br rotoru 495 mm<\/p>\n","protected":false},"author":2,"featured_media":0,"parent":411,"menu_order":2,"comment_status":"closed","ping_status":"open","template":"produkt.php","meta":[],"_links":{"self":[{"href":"https:\/\/www.wincorp.cz\/wincorp\/index.php?rest_route=\/wp\/v2\/pages\/403"}],"collection":[{"href":"https:\/\/www.wincorp.cz\/wincorp\/index.php?rest_route=\/wp\/v2\/pages"}],"about":[{"href":"https:\/\/www.wincorp.cz\/wincorp\/index.php?rest_route=\/wp\/v2\/types\/page"}],"author":[{"embeddable":true,"href":"https:\/\/www.wincorp.cz\/wincorp\/index.php?rest_route=\/wp\/v2\/users\/2"}],"replies":[{"embeddable":true,"href":"https:\/\/www.wincorp.cz\/wincorp\/index.php?rest_route=%2Fwp%2Fv2%2Fcomments&post=403"}],"version-history":[{"count":4,"href":"https:\/\/www.wincorp.cz\/wincorp\/index.php?rest_route=\/wp\/v2\/pages\/403\/revisions"}],"predecessor-version":[{"id":524,"href":"https:\/\/www.wincorp.cz\/wincorp\/index.php?rest_route=\/wp\/v2\/pages\/403\/revisions\/524"}],"up":[{"embeddable":true,"href":"https:\/\/www.wincorp.cz\/wincorp\/index.php?rest_route=\/wp\/v2\/pages\/411"}],"wp:attachment":[{"href":"https:\/\/www.wincorp.cz\/wincorp\/index.php?rest_route=%2Fwp%2Fv2%2Fmedia&parent=403"}],"curies":[{"name":"wp","href":"https:\/\/api.w.org\/{rel}","templated":true}]}}