{"id":405,"date":"2014-02-19T08:37:04","date_gmt":"2014-02-19T08:37:04","guid":{"rendered":"http:\/\/www.wincorp.cz\/wincorp\/?page_id=405"},"modified":"2014-04-28T10:14:07","modified_gmt":"2014-04-28T10:14:07","slug":"tezka-modelova-rada","status":"publish","type":"page","link":"https:\/\/www.wincorp.cz\/wincorp\/?page_id=405","title":{"rendered":"T\u011b\u017ek\u00e1 modelov\u00e1 \u0159ada"},"content":{"rendered":"\n<p>&nbsp;<\/p>\n<p>&nbsp;<\/p>\n<p>drti\u010de VAZ 2000 \u2013 VAZ 2500<\/p>\n<p>kapacita 5 000 kg \u2013 25 000 kg\/hod<\/p>\n<p>pr\u016fm\u011br rotoru 640 mm<\/p>\n<p>v\u00fdstupn\u00ed frakce cca 10 mm \u2013 250 mm<\/p>\n","protected":false},"excerpt":{"rendered":"<p>&nbsp; &nbsp; drti\u010de VAZ 2000 \u2013 VAZ 2500 kapacita 5 000 kg \u2013 25 000 kg\/hod pr\u016fm\u011br rotoru 640 mm v\u00fdstupn\u00ed frakce cca 10 mm \u2013 250 [&hellip;]<\/p>\n","protected":false},"author":2,"featured_media":0,"parent":411,"menu_order":3,"comment_status":"closed","ping_status":"open","template":"produkt.php","meta":[],"_links":{"self":[{"href":"https:\/\/www.wincorp.cz\/wincorp\/index.php?rest_route=\/wp\/v2\/pages\/405"}],"collection":[{"href":"https:\/\/www.wincorp.cz\/wincorp\/index.php?rest_route=\/wp\/v2\/pages"}],"about":[{"href":"https:\/\/www.wincorp.cz\/wincorp\/index.php?rest_route=\/wp\/v2\/types\/page"}],"author":[{"embeddable":true,"href":"https:\/\/www.wincorp.cz\/wincorp\/index.php?rest_route=\/wp\/v2\/users\/2"}],"replies":[{"embeddable":true,"href":"https:\/\/www.wincorp.cz\/wincorp\/index.php?rest_route=%2Fwp%2Fv2%2Fcomments&post=405"}],"version-history":[{"count":4,"href":"https:\/\/www.wincorp.cz\/wincorp\/index.php?rest_route=\/wp\/v2\/pages\/405\/revisions"}],"predecessor-version":[{"id":526,"href":"https:\/\/www.wincorp.cz\/wincorp\/index.php?rest_route=\/wp\/v2\/pages\/405\/revisions\/526"}],"up":[{"embeddable":true,"href":"https:\/\/www.wincorp.cz\/wincorp\/index.php?rest_route=\/wp\/v2\/pages\/411"}],"wp:attachment":[{"href":"https:\/\/www.wincorp.cz\/wincorp\/index.php?rest_route=%2Fwp%2Fv2%2Fmedia&parent=405"}],"curies":[{"name":"wp","href":"https:\/\/api.w.org\/{rel}","templated":true}]}}