{"id":411,"date":"2014-02-19T09:04:44","date_gmt":"2014-02-19T09:04:44","guid":{"rendered":"http:\/\/www.wincorp.cz\/wincorp\/?page_id=411"},"modified":"2014-04-28T09:49:52","modified_gmt":"2014-04-28T09:49:52","slug":"jednohridelove-drtice-vecoplan","status":"publish","type":"page","link":"https:\/\/www.wincorp.cz\/wincorp\/?page_id=411","title":{"rendered":"Jednoh\u0159\u00eddelov\u00e9 drti\u010de VECOPLAN"},"content":{"rendered":"\n<p>&nbsp;<\/p>\n<p>&nbsp;<\/p>\n<p>&nbsp;<\/p>\n<p>Jednoh\u0159\u00eddelov\u00e9 drti\u010de VEKOPLAN jsou rozd\u011bleny\u00a0 na lehkou, st\u0159edn\u00ed a t\u011b\u017ekou modelovou \u0159adu podle hodinov\u00e9 kapacity.<\/p>\n<p>&nbsp;<\/p>\n<ul>\n<li><a title=\"Lehk\u00e1 modelov\u00e1 \u0159ada\" href=\"http:\/\/www.wincorp.cz\/wincorp\/?page_id=401\">lehk\u00e1 modelov\u00e1 \u0159ada<\/a><\/li>\n<li><a title=\"St\u0159edn\u00ed modelov\u00e1 \u0159ada\" href=\"http:\/\/www.wincorp.cz\/wincorp\/?page_id=403\">st\u0159edn\u00ed modelov\u00e1 \u0159ada<\/a><\/li>\n<li><a title=\"T\u011b\u017ek\u00e1 modelov\u00e1 \u0159ada\" href=\"http:\/\/www.wincorp.cz\/wincorp\/?page_id=405\">t\u011b\u017ek\u00e1 modelov\u00e1 \u0159ada<\/a><\/li>\n<\/ul>\n<p>Jednoh\u0159\u00eddelov\u00e9 drti\u010de mohou b\u00fdt vybaveny motorem HiTorc a za\u0159\u00edzen\u00edm FLIPPER.<\/p>\n<p>&nbsp;<\/p>\n<ul>\n<li><strong>Za\u0159\u00edzen\u00ed FLIPPER<\/strong><\/li>\n<\/ul>\n<p style=\"padding-left: 30px;\">Za\u0159\u00edzen\u00ed FLIPPER zabra\u0148uje po\u0161kozen\u00ed drti\u010de p\u0159i v\u00fdskytu ciz\u00edch t\u011bles.<br \/>\nDojde k zastaven\u00ed rotoru, k odd\u00e1len\u00ed protino\u017ee od rotoru a odklopen\u00ed s\u00edta.<br \/>\nPneumaticky ovl\u00e1dan\u00fd protin\u016f\u017e, umo\u017en\u00ed snadn\u00e9 vyjmut\u00ed ciz\u00edho t\u011blesa, ani\u017e by bylo nutn\u00e9 vypr\u00e1zdnit materi\u00e1l z n\u00e1sypky.<\/p>\n<p>&nbsp;<\/p>\n<ul>\n<li><strong>Pohon HiTorc<\/strong><\/li>\n<\/ul>\n<p style=\"padding-left: 30px;\">Pohon HiTorc \u2013 patentov\u011b chr\u00e1n\u011bn\u00fd.<br \/>\nUmo\u017e\u0148uje plynul\u00e9 zv\u00fd\u0161en\u00ed ot\u00e1\u010dek rotoru v rozsahu od 0 \u2013 420 ot\u00e1\u010dek\/min p\u0159i stejn\u00e9m to\u010div\u00e9m momentu v z\u00e1vislosti na zpracov\u00e1van\u00e9m materi\u00e1lu.<br \/>\nDoch\u00e1z\u00ed ke zv\u00fd\u0161en\u00ed v\u00fdkonu a\u017e o 70% a sn\u00ed\u017een\u00ed spot\u0159eby energie a\u017e o 60% oproti standardn\u00edmu pohonu.<br \/>\nN\u00edzk\u00e9 n\u00e1klady na opot\u0159eben\u00ed a minim\u00e1ln\u00ed n\u00e1klady na \u00fadr\u017ebu.<\/p>\n<p>&nbsp;<\/p>\n","protected":false},"excerpt":{"rendered":"<p>&nbsp; &nbsp; &nbsp; Jednoh\u0159\u00eddelov\u00e9 drti\u010de VEKOPLAN jsou rozd\u011bleny\u00a0 na lehkou, st\u0159edn\u00ed a t\u011b\u017ekou modelovou \u0159adu podle hodinov\u00e9 kapacity. &nbsp; lehk\u00e1 modelov\u00e1 \u0159ada st\u0159edn\u00ed modelov\u00e1 \u0159ada t\u011b\u017ek\u00e1 modelov\u00e1 [&hellip;]<\/p>\n","protected":false},"author":2,"featured_media":0,"parent":74,"menu_order":1,"comment_status":"closed","ping_status":"open","template":"produkt.php","meta":[],"_links":{"self":[{"href":"https:\/\/www.wincorp.cz\/wincorp\/index.php?rest_route=\/wp\/v2\/pages\/411"}],"collection":[{"href":"https:\/\/www.wincorp.cz\/wincorp\/index.php?rest_route=\/wp\/v2\/pages"}],"about":[{"href":"https:\/\/www.wincorp.cz\/wincorp\/index.php?rest_route=\/wp\/v2\/types\/page"}],"author":[{"embeddable":true,"href":"https:\/\/www.wincorp.cz\/wincorp\/index.php?rest_route=\/wp\/v2\/users\/2"}],"replies":[{"embeddable":true,"href":"https:\/\/www.wincorp.cz\/wincorp\/index.php?rest_route=%2Fwp%2Fv2%2Fcomments&post=411"}],"version-history":[{"count":39,"href":"https:\/\/www.wincorp.cz\/wincorp\/index.php?rest_route=\/wp\/v2\/pages\/411\/revisions"}],"predecessor-version":[{"id":586,"href":"https:\/\/www.wincorp.cz\/wincorp\/index.php?rest_route=\/wp\/v2\/pages\/411\/revisions\/586"}],"up":[{"embeddable":true,"href":"https:\/\/www.wincorp.cz\/wincorp\/index.php?rest_route=\/wp\/v2\/pages\/74"}],"wp:attachment":[{"href":"https:\/\/www.wincorp.cz\/wincorp\/index.php?rest_route=%2Fwp%2Fv2%2Fmedia&parent=411"}],"curies":[{"name":"wp","href":"https:\/\/api.w.org\/{rel}","templated":true}]}}