{"id":413,"date":"2014-02-19T09:05:24","date_gmt":"2014-02-19T09:05:24","guid":{"rendered":"http:\/\/www.wincorp.cz\/wincorp\/?page_id=413"},"modified":"2014-04-28T11:28:17","modified_gmt":"2014-04-28T11:28:17","slug":"dvouhridelove-drtice-vecoplan","status":"publish","type":"page","link":"https:\/\/www.wincorp.cz\/wincorp\/?page_id=413","title":{"rendered":"Dvouh\u0159\u00eddelov\u00e9 drti\u010de VECOPLAN"},"content":{"rendered":"\n<p>&nbsp;<\/p>\n<p>Kapacita dvouh\u0159\u00eddelov\u00fdch drti\u010d\u016f 10 t\u00a0 \u2013 100 t\/hod.<br \/>\nPr\u016fm\u011br rotor\u016f je od 500 mm do 720 mm s d\u00e9lkou od 1900 mm do 3100 mm.<br \/>\nModely VVZ, Hurricane a Taifun pln\u00ed funkci p\u0159edrti\u010d\u016f a jsou vybaveny pohonem od 2 x 55 kw do 2 x 250 kW.<br \/>\nDrti\u010de VNZ 210 \u2013 250 se pou\u017e\u00edvaj\u00ed jako sekund\u00e1rn\u00ed drti\u010de, pohon\u00a0 2 x 75 kW a\u017e 2 x 200 kW.<br \/>\nMohou b\u00fdt vybaveny pohonem HiTorc.<\/p>\n<p>&nbsp;<\/p>\n<ul>\n<li><strong><strong>Pohon HiTorc<\/strong><\/strong><\/li>\n<\/ul>\n<p style=\"padding-left: 30px;\">Pohon HiTorc \u2013 patentov\u011b chr\u00e1n\u011bn\u00fd.<br \/>\nUmo\u017e\u0148uje plynul\u00e9 zv\u00fd\u0161en\u00ed ot\u00e1\u010dek rotoru v rozsahu od 0 \u2013 420 ot\u00e1\u010dek\/min p\u0159i stejn\u00e9m to\u010div\u00e9m momentu v z\u00e1vislosti na zpracov\u00e1van\u00e9m materi\u00e1lu.<br \/>\nDoch\u00e1z\u00ed ke zv\u00fd\u0161en\u00ed v\u00fdkonu a\u017e o 70% a sn\u00ed\u017een\u00ed spot\u0159eby energie a\u017e o 60% oproti standardn\u00edmu pohonu.<br \/>\nN\u00edzk\u00e9 n\u00e1klady na opot\u0159eben\u00ed a minim\u00e1ln\u00ed n\u00e1klady na \u00fadr\u017ebu<\/p>\n","protected":false},"excerpt":{"rendered":"<p>&nbsp; Kapacita dvouh\u0159\u00eddelov\u00fdch drti\u010d\u016f 10 t\u00a0 \u2013 100 t\/hod. Pr\u016fm\u011br rotor\u016f je od 500 mm do 720 mm s d\u00e9lkou od 1900 mm do 3100 mm. Modely [&hellip;]<\/p>\n","protected":false},"author":2,"featured_media":0,"parent":74,"menu_order":2,"comment_status":"closed","ping_status":"open","template":"produkt.php","meta":[],"_links":{"self":[{"href":"https:\/\/www.wincorp.cz\/wincorp\/index.php?rest_route=\/wp\/v2\/pages\/413"}],"collection":[{"href":"https:\/\/www.wincorp.cz\/wincorp\/index.php?rest_route=\/wp\/v2\/pages"}],"about":[{"href":"https:\/\/www.wincorp.cz\/wincorp\/index.php?rest_route=\/wp\/v2\/types\/page"}],"author":[{"embeddable":true,"href":"https:\/\/www.wincorp.cz\/wincorp\/index.php?rest_route=\/wp\/v2\/users\/2"}],"replies":[{"embeddable":true,"href":"https:\/\/www.wincorp.cz\/wincorp\/index.php?rest_route=%2Fwp%2Fv2%2Fcomments&post=413"}],"version-history":[{"count":26,"href":"https:\/\/www.wincorp.cz\/wincorp\/index.php?rest_route=\/wp\/v2\/pages\/413\/revisions"}],"predecessor-version":[{"id":601,"href":"https:\/\/www.wincorp.cz\/wincorp\/index.php?rest_route=\/wp\/v2\/pages\/413\/revisions\/601"}],"up":[{"embeddable":true,"href":"https:\/\/www.wincorp.cz\/wincorp\/index.php?rest_route=\/wp\/v2\/pages\/74"}],"wp:attachment":[{"href":"https:\/\/www.wincorp.cz\/wincorp\/index.php?rest_route=%2Fwp%2Fv2%2Fmedia&parent=413"}],"curies":[{"name":"wp","href":"https:\/\/api.w.org\/{rel}","templated":true}]}}