{"id":60,"date":"2011-12-26T11:45:26","date_gmt":"2011-12-26T11:45:26","guid":{"rendered":"http:\/\/www.wincorp.cz\/wincorp\/?page_id=60"},"modified":"2014-01-20T01:22:00","modified_gmt":"2014-01-20T01:22:00","slug":"apt-50","status":"publish","type":"page","link":"https:\/\/www.wincorp.cz\/wincorp\/?page_id=60","title":{"rendered":"APT 50"},"content":{"rendered":"<p><strong>Technick\u00e1 data :<\/strong><\/p>\n<table border=\"0\">\n<tbody>\n<tr>\n<td>V\u00fdkon<\/td>\n<td>cca. 90 kg\/h<\/td>\n<\/tr>\n<tr>\n<td>Pr\u016fm\u011br briket<\/td>\n<td>50 mm<\/td>\n<\/tr>\n<tr>\n<td>Z\u00e1sobn\u00edk materi\u00e1lu<\/td>\n<td>800 x 500 mm<\/td>\n<\/tr>\n<tr>\n<td>Instalovan\u00fd p\u0159\u00edkon<\/td>\n<td>3 kW<\/td>\n<\/tr>\n<tr>\n<td>Spot\u0159ebovan\u00e1 energie<\/td>\n<td>2 kW\/h<\/td>\n<\/tr>\n<tr>\n<td>Olejov\u00e1 n\u00e1dr\u017e<\/td>\n<td>100-160 l<\/td>\n<\/tr>\n<tr>\n<td>Zdvih p\u00edstu<\/td>\n<td>200 mm<\/td>\n<\/tr>\n<tr>\n<td>Po\u010det ot\u00e1\u010dek<\/td>\n<td>7-10\/min<\/td>\n<\/tr>\n<tr>\n<td>Tlak<\/td>\n<td>do 210 bar<\/td>\n<\/tr>\n<\/tbody>\n<\/table>\n","protected":false},"excerpt":{"rendered":"<p>Technick\u00e1 data : V\u00fdkon cca. 90 kg\/h Pr\u016fm\u011br briket 50 mm Z\u00e1sobn\u00edk materi\u00e1lu 800 x 500 mm Instalovan\u00fd p\u0159\u00edkon 3 kW Spot\u0159ebovan\u00e1 energie 2 kW\/h Olejov\u00e1 n\u00e1dr\u017e [&hellip;]<\/p>\n","protected":false},"author":2,"featured_media":0,"parent":24,"menu_order":0,"comment_status":"open","ping_status":"closed","template":"produkt.php","meta":[],"_links":{"self":[{"href":"https:\/\/www.wincorp.cz\/wincorp\/index.php?rest_route=\/wp\/v2\/pages\/60"}],"collection":[{"href":"https:\/\/www.wincorp.cz\/wincorp\/index.php?rest_route=\/wp\/v2\/pages"}],"about":[{"href":"https:\/\/www.wincorp.cz\/wincorp\/index.php?rest_route=\/wp\/v2\/types\/page"}],"author":[{"embeddable":true,"href":"https:\/\/www.wincorp.cz\/wincorp\/index.php?rest_route=\/wp\/v2\/users\/2"}],"replies":[{"embeddable":true,"href":"https:\/\/www.wincorp.cz\/wincorp\/index.php?rest_route=%2Fwp%2Fv2%2Fcomments&post=60"}],"version-history":[{"count":6,"href":"https:\/\/www.wincorp.cz\/wincorp\/index.php?rest_route=\/wp\/v2\/pages\/60\/revisions"}],"predecessor-version":[{"id":381,"href":"https:\/\/www.wincorp.cz\/wincorp\/index.php?rest_route=\/wp\/v2\/pages\/60\/revisions\/381"}],"up":[{"embeddable":true,"href":"https:\/\/www.wincorp.cz\/wincorp\/index.php?rest_route=\/wp\/v2\/pages\/24"}],"wp:attachment":[{"href":"https:\/\/www.wincorp.cz\/wincorp\/index.php?rest_route=%2Fwp%2Fv2%2Fmedia&parent=60"}],"curies":[{"name":"wp","href":"https:\/\/api.w.org\/{rel}","templated":true}]}}