{"id":76,"date":"2011-12-26T11:52:21","date_gmt":"2011-12-26T11:52:21","guid":{"rendered":"http:\/\/www.wincorp.cz\/wincorp\/?page_id=76"},"modified":"2014-01-20T01:21:51","modified_gmt":"2014-01-20T01:21:51","slug":"lisy-austropressen","status":"publish","type":"page","link":"https:\/\/www.wincorp.cz\/wincorp\/?page_id=76","title":{"rendered":"Lisy AUSTROPRESSEN"},"content":{"rendered":"<h3>Vertik\u00e1ln\u00ed bal\u00edkovac\u00ed lisy \u0159ady K<strong><br \/> <\/strong><\/h3>\n<p>lisovac\u00ed tlak 5 \u2013 6 t \u00b7 jedno a v\u00edce komorov\u00e9 lisy (lze roz\u0161\u00ed\u0159it a\u017e na 4 komory \u00b7 horn\u00ed pln\u011bn\u00ed \u00b7 vertik\u00e1ln\u00ed manu\u00e1ln\u00ed v\u00e1z\u00e1n\u00ed \u00b7 jednoduch\u00e9 ovl\u00e1d\u00e1n\u00ed \u00b7 univerz\u00e1ln\u00ed pou\u017eit\u00ed \u00b7 zpracov\u00e1van\u00fd materi\u00e1l : karton, pap\u00edr, f\u00f3lie, bedny od ovoce, plechovky, PET lahve, plechov\u00e9 barely o objemu do 60 l<\/p>\n<p>&nbsp;<\/p>\n<p>Technick\u00e1 specifikace \u0159ady K (<a href=\"http:\/\/www.wincorp.cz\/wincorp\/wp-content\/uploads\/2011\/12\/Prospekt-K-CZ.pdf\" target=\"_blank\">soubor v PDF<\/a>)<\/p>\n<h3>\u00a0<\/h3>\n<h3>Vertik\u00e1ln\u00ed bal\u00edkovac\u00ed lisy \u0159ady APV<\/h3>\n<p>lisovac\u00ed tlak 10 \u2013 50 t \u00b7 jedno komorov\u00e9 \u00b7 vertik\u00e1ln\u00ed manu\u00e1ln\u00ed v\u00e1z\u00e1n\u00ed \u00b7 digit\u00e1ln\u00ed display \u00b7 pln\u011bn\u00ed zep\u0159edu \u00b7 vykl\u00e1p\u011bc\u00ed dve\u0159e (model APV 100 a 160) \u00b7 posuvn\u00e9 dve\u0159e (model PAV 300 a 500) \u00b7<\/p>\n<p><strong>\u0159ada APV II <\/strong>\u00b7 lisovac\u00ed tlak 9 a 20 t \u00b7 v\u00edcekomorov\u00e9 lisy \u00b7 horn\u00ed pln\u011bn\u00ed \u00b7 v\u00e1lec uprost\u0159ed \u00b7 mechanick\u00e1 brzdy patentov\u00e1ny firmou AUSTROPRESSEN<\/p>\n<p>&nbsp;<\/p>\n<p>Technick\u00e1 specifikace \u0159ady APV (<a href=\"http:\/\/www.wincorp.cz\/wincorp\/wp-content\/uploads\/2011\/12\/Prospekt-APV-CZ.pdf\" target=\"_blank\">soubor v PDF<\/a>)<\/p>\n<p>Technick\u00e1 specifikace \u0159ady APV II (<a href=\"http:\/\/www.wincorp.cz\/wincorp\/wp-content\/uploads\/2011\/12\/Prospekt-APV-II-CZ.pdf\" target=\"_blank\">soubor v PDF<\/a>)<\/p>\n<p>&nbsp;<\/p>\n<p>&nbsp;<\/p>\n<h3>Horizont\u00e1ln\u00ed bal\u00edkovac\u00ed lisy KNL<\/h3>\n<p>lisovac\u00ed tlak 10 \u2013 16 t\u00a0 \u00b7 snadn\u00e9 lisov\u00e1n\u00ed objemn\u00fdch materi\u00e1l\u016f \u00b7 digit\u00e1ln\u00ed display \u00b7 mo\u017enost balen\u00ed do PET pytle \u00b7 hydraulick\u00e1 pojistn\u00e1 deska \u00b7 jednok\u0159\u00eddle nebo dvouk\u0159\u00eddl\u00e9 dve\u0159e \u00b7 vertik\u00e1ln\u00ed nebo horizont\u00e1ln\u00ed v\u00e1z\u00e1n\u00ed \u00b7 zpracov\u00e1van\u00fd materi\u00e1l : karton, pap\u00edr styropor, plechovky PET lahve, f\u00f3lie, plastov\u00e9 a hlin\u00edkov\u00e9 p\u0159epravky a plechov\u00e9 n\u00e1doby o objemu od 60 do 200 l<\/p>\n<p>&nbsp;<\/p>\n<p>Technick\u00e1 specifikace \u0159ady KNL (<a href=\"http:\/\/www.wincorp.cz\/wincorp\/wp-content\/uploads\/2011\/12\/Prospekt-KNL-CZ.pdf\" target=\"_blank\">soubor v PDF<\/a>)<\/p>\n<p>&nbsp;<\/p>\n<p>&nbsp;<\/p>\n<h3>Horizont\u00e1ln\u00ed bal\u00edkovac\u00ed lisy \u0159ady AP<\/h3>\n<p>lisovac\u00ed tlak 20 \u2013 40 t \u00b7 horn\u00ed pln\u011bn\u00ed \u00b7 velk\u00fd pln\u00edc\u00ed otvor \u00b7 vysouv\u00e1n\u00ed bal\u00edk\u016f na paletu \u00b7 vykl\u00e1p\u011bc\u00ed za\u0159\u00edzen\u00ed na r\u016fzn\u00e9 velikosti kontejner\u016f \u00b7 hydraulick\u00e1 pojistn\u00e1 deska \u00b7 zpracov\u00e1van\u00fd materi\u00e1l : PET lahve, textil a objemn\u00fd materi\u00e1l<\/p>\n<p>&nbsp;<\/p>\n<p>Technick\u00e1 specifikace \u0159ady AP (<a href=\"http:\/\/www.wincorp.cz\/wincorp\/wp-content\/uploads\/2011\/12\/Prospekt-AP.pdf\" target=\"_blank\">soubor v PDF<\/a>)<\/p>\n<p>&nbsp;<\/p>\n<p>&nbsp;<\/p>\n<h3>Horizont\u00e1ln\u00ed bal\u00edkovac\u00ed lisy \u0159ady APS<\/h3>\n<p>lisovac\u00ed tlak 35 a 50 t \u00b7 pln\u00edc\u00ed n\u00e1sypka s\u00a0\u0159ezac\u00edm syst\u00e9mem \u00b7 hydraulick\u00e1 pojistn\u00e1 deska \u00b7 horizont\u00e1ln\u00ed v\u00e1z\u00e1n\u00ed \u00b7 zpracov\u00e1van\u00fd materi\u00e1l: karton a f\u00f3lie<\/p>\n<p>&nbsp;<\/p>\n<p>Technick\u00e1 specifikace \u0159ady APS (<a href=\"http:\/\/www.wincorp.cz\/wincorp\/wp-content\/uploads\/2011\/12\/Prospekt-APS-CZ.pdf\" target=\"_blank\">soubor v PDF<\/a>)<\/p>\n<p>&nbsp;<\/p>\n<p>&nbsp;<\/p>\n<h3>Poloautomatick\u00e9 kontinu\u00e1ln\u00ed lisy \u0159ady AP-SK<\/h3>\n<p>lisovac\u00ed tlak 12 \u2013 36t \u00b7 pln\u00edc\u00ed n\u00e1sypka s\u00a0\u0159ezac\u00edm syst\u00e9mem \u00b7 horizont\u00e1ln\u00ed pln\u011bn\u00ed \u00b7 automatick\u00e9 nastaven\u00ed tlaku ve v\u00fdstupn\u00edm kan\u00e1lu \u00b7 zpracov\u00e1van\u00fd materi\u00e1l : karton a f\u00f3lie<\/p>\n<p>&nbsp;<\/p>\n<p>\u00a0Technick\u00e1 specifikace \u0159ady AP-SK (<a href=\"http:\/\/www.wincorp.cz\/wincorp\/wp-content\/uploads\/2011\/12\/Prospekt-AP-SK-CZ.pdf\" target=\"_blank\">soubor v PDF<\/a>)<\/p>\n<p>&nbsp;<\/p>\n<p>&nbsp;<\/p>\n<h3>Automatick\u00e9 kontinu\u00e1ln\u00ed bal\u00edkovac\u00ed lisy \u0159ady APK<\/h3>\n<p>lisovac\u00ed tlak 15 \u2013 135 t \u00b7 dle tlak\u016f a zpracov\u00e1van\u00e9ho materi\u00e1lu rozd\u011bleny do 6 kategori\u00ed \u00b7 automatick\u00e9 nastaven\u00ed tlak\u016f ve v\u00fdstupn\u00edm kan\u00e1lu ze t\u0159ech stran \u00b7 automatick\u00e9 v\u00e1z\u00e1n\u00ed Drilfix (horizont\u00e1ln\u00ed a vertik\u00e1ln\u00ed) \u00b7 zpracov\u00e1van\u00fd materi\u00e1l : karton, sm\u011bsn\u00fd pap\u00edr, plasty, d\u0159ev\u011bn\u00e9 bed\u00fdnky na ovoce, PET lahve, lehk\u00fd odpad<\/p>\n<p>&nbsp;<\/p>\n<p>Technick\u00e1 specifikace \u0159ady APK (<a href=\"http:\/\/www.wincorp.cz\/wincorp\/wp-content\/uploads\/2011\/12\/Prospekt-APK-CZ.pdf\" target=\"_blank\">soubor v PDF<\/a>)<\/p>\n<p>&nbsp;<\/p>\n<p>&nbsp;<\/p>\n<h3>Automatick\u00e9 kontinu\u00e1ln\u00ed bal\u00edkovac\u00ed lisy \u0159ady APK-SS<\/h3>\n<p>lisovac\u00ed tlak 32-55 t \u00b7 na zpracov\u00e1n\u00ed p\u011bny a expanzn\u00edch materi\u00e1l\u016f<\/p>\n<p>&nbsp;<\/p>\n<p>Technick\u00e1 specifikace \u0159ady APK-SS (<a href=\"http:\/\/www.wincorp.cz\/wincorp\/wp-content\/uploads\/2011\/12\/Prospekt-APK-SS-CZ.pdf\" target=\"_blank\">soubor v PDF<\/a>)<\/p>\n<p>&nbsp;<\/p>\n<p>&nbsp;<\/p>\n<h3>Lisy na plechovky a barely \u0159ady DS a FP<\/h3>\n<p>lisovac\u00ed tlak u \u0159ady DS 7-10t \u00b7 u \u0159ady FP lisovac\u00ed tlak \u00a020-27 t \u00b7 lisov\u00e1n\u00ed v\u00a0uzav\u0159en\u00e9 komo\u0159e \u00b7 \u00a0lisovac\u00ed v\u00e1lec uprost\u0159ed \u00b7 na lisu prostor pro zbytkovou tekutinu \u00b7 zpracov\u00e1van\u00fd materi\u00e1l : plechovky a sudy<\/p>\n<p>&nbsp;<\/p>\n<p>Technick\u00e1 specifikace \u0159ady DS a FP <a href=\"http:\/\/www.wincorp.cz\/wincorp\/wp-content\/uploads\/2011\/12\/Prospekt-DS+FP-CZ.pdf\" target=\"_blank\">(soubor v PDF<\/a>)<\/p>\n<p>&nbsp;<\/p>\n<p>&nbsp;<\/p>\n<h3>Automatick\u00e9 lisy na plechovky \u0159ady DS-A<\/h3>\n<p>lisovac\u00ed tlak 25 \u2013 80 t \u00b7 vysok\u00fd hodinov\u00fd v\u00fdkon \u00b7 opot\u0159ebiteln\u00e9 n\u00e1hradn\u00edd\u00edly z\u00a0HARDOXU \u00b7 zpracov\u00e1van\u00fd materi\u00e1l : n\u00e1pojov\u00e9 plechovky a kovov\u00fd odpad<\/p>\n<p>&nbsp;<\/p>\n<p>Technick\u00e1 specifikace \u0159ady DS-A (<a href=\"http:\/\/www.wincorp.cz\/wincorp\/wp-content\/uploads\/2011\/12\/Prospekt-DS-A-CZ.pdf\" target=\"_blank\">soubor v PDF<\/a>)<\/p>\n<p>&nbsp;<\/p>\n<p>&nbsp;<\/p>\n<h3>Lis CONPRESS na lisov\u00e1n\u00ed odpadu v kontejnerech<\/h3>\n<p>zhutn\u011bn\u00ed odpadu v\u00a0kontejnerech o obsahu 600 \u2013 1100 l \u00b7 lisovac\u00ed tlak 4 t<\/p>\n<p>&nbsp;<\/p>\n<p>Technick\u00e1 specifikace lisu CONPRESS (<a href=\"http:\/\/www.wincorp.cz\/wincorp\/wp-content\/uploads\/2011\/12\/Prospekt-Conpress-CZ.pdf\" target=\"_blank\">soubor v PDF<\/a>)<\/p>\n<p>&nbsp;<\/p>\n<p>&nbsp;<\/p>\n<h3>Lisy na zhutn\u011bn\u00ed materi\u00e1lu \u0159ady MAXI<\/h3>\n<p>zhutn\u011bn\u00ed odpadu v ocelov\u00e9m v\u00e1lci \u00b7 balen\u00ed do PET pytl\u016f \u00b7 lisovac\u00ed tlak 3 t<\/p>\n<p>&nbsp;<\/p>\n<p>Technick\u00e1 specifikace \u0159ady MAXI (<a href=\"http:\/\/www.wincorp.cz\/wincorp\/wp-content\/uploads\/2011\/12\/Prospekt-Maxi-CZ.pdf\" target=\"_blank\">soubor v PDF<\/a>)<\/p>\n<p>&nbsp;<\/p>\n<p>&nbsp;<\/p>\n<h3>Gilotina RA 12-550<\/h3>\n<p>snadn\u00e9 \u0159ez\u00e1n\u00ed rol\u00ed materi\u00e1lu \u00b7 lisovac\u00ed tlak 12 t\u00a0 \u00b7 max. pr\u016fm\u011br role 800 mm \u00b7 maxim\u00e1ln\u00ed d\u00e9lka role 500 mm<\/p>\n","protected":false},"excerpt":{"rendered":"<p>Vertik\u00e1ln\u00ed bal\u00edkovac\u00ed lisy \u0159ady K lisovac\u00ed tlak 5 \u2013 6 t \u00b7 jedno a v\u00edce komorov\u00e9 lisy (lze roz\u0161\u00ed\u0159it a\u017e na 4 komory \u00b7 horn\u00ed pln\u011bn\u00ed \u00b7 [&hellip;]<\/p>\n","protected":false},"author":2,"featured_media":203,"parent":24,"menu_order":5,"comment_status":"open","ping_status":"closed","template":"produkt.php","meta":[],"_links":{"self":[{"href":"https:\/\/www.wincorp.cz\/wincorp\/index.php?rest_route=\/wp\/v2\/pages\/76"}],"collection":[{"href":"https:\/\/www.wincorp.cz\/wincorp\/index.php?rest_route=\/wp\/v2\/pages"}],"about":[{"href":"https:\/\/www.wincorp.cz\/wincorp\/index.php?rest_route=\/wp\/v2\/types\/page"}],"author":[{"embeddable":true,"href":"https:\/\/www.wincorp.cz\/wincorp\/index.php?rest_route=\/wp\/v2\/users\/2"}],"replies":[{"embeddable":true,"href":"https:\/\/www.wincorp.cz\/wincorp\/index.php?rest_route=%2Fwp%2Fv2%2Fcomments&post=76"}],"version-history":[{"count":20,"href":"https:\/\/www.wincorp.cz\/wincorp\/index.php?rest_route=\/wp\/v2\/pages\/76\/revisions"}],"predecessor-version":[{"id":375,"href":"https:\/\/www.wincorp.cz\/wincorp\/index.php?rest_route=\/wp\/v2\/pages\/76\/revisions\/375"}],"up":[{"embeddable":true,"href":"https:\/\/www.wincorp.cz\/wincorp\/index.php?rest_route=\/wp\/v2\/pages\/24"}],"wp:featuredmedia":[{"embeddable":true,"href":"https:\/\/www.wincorp.cz\/wincorp\/index.php?rest_route=\/wp\/v2\/media\/203"}],"wp:attachment":[{"href":"https:\/\/www.wincorp.cz\/wincorp\/index.php?rest_route=%2Fwp%2Fv2%2Fmedia&parent=76"}],"curies":[{"name":"wp","href":"https:\/\/api.w.org\/{rel}","templated":true}]}}