{"id":90,"date":"2011-12-26T11:58:53","date_gmt":"2011-12-26T11:58:53","guid":{"rendered":"http:\/\/www.wincorp.cz\/wincorp\/?page_id=90"},"modified":"2014-02-16T20:38:45","modified_gmt":"2014-02-16T20:38:45","slug":"prijmovy-stul-gassner","status":"publish","type":"page","link":"https:\/\/www.wincorp.cz\/wincorp\/?page_id=90","title":{"rendered":"P\u0159\u00edjmov\u00fd st\u016fl GASSNER"},"content":{"rendered":"\n<p><strong>P\u0159\u00edjmov\u00fd st\u016fl F\u00f6rdermat \u201eR\u201c<\/strong> je za\u0159\u00edzen\u00ed, kter\u00e9 slou\u017e\u00ed k pln\u011b automatick\u00e9mu d\u00e1vkov\u00e1n\u00ed nejr\u016fzn\u011bj\u0161\u00edch materi\u00e1l\u016f jako nap\u0159. bioodpad, recyklovan\u00e9 f\u00f3lie, komun\u00e1ln\u00ed odpad, elektronick\u00fd odpad atd. Rozdru\u017e\u00ed zpracov\u00e1van\u00fd materi\u00e1l a p\u0159ed\u00e1v\u00e1 jej v rovnom\u011brn\u00e9 vrstv\u011b na n\u00e1sleduj\u00edc\u00ed dopravn\u00edk k\u00a0dal\u0161\u00edmu zpracov\u00e1n\u00ed. Jeho propustnost je plynule nastaviteln\u00e1 a\u017e na 130 m<sup>3<\/sup>\/h u pytl\u016f a 250 m<sup>3<\/sup>\/h u voln\u00e9ho materi\u00e1lu.<\/p>\n<p>&nbsp;<\/p>\n<p>P\u0159\u00edjmov\u00fd st\u016fl F\u00d6RDERMAT se pou\u017e\u00edv\u00e1 do t\u0159\u00edd\u00edc\u00edch linek, v\u00a0kompost\u00e1rn\u00e1ch, spalovn\u00e1ch, v\u00fdtopn\u00e1ch a pap\u00edrn\u00e1ch.<\/p>\n<p>&nbsp;<\/p>\n<p>Technick\u00e1 specifikace <a href=\"http:\/\/www.wincorp.cz\/wincorp\/wp-content\/uploads\/2011\/12\/TL-Gassner-p%C5%99.st%C5%AFl.pdf\" target=\"_blank\">(soubor v PDF)<\/a><\/p>\n<p>&nbsp;<\/p>\n<p><strong>Technick\u00e9 parametry<\/strong><\/p>\n<table border=\"0\">\n<tbody>\n<tr>\n<td>d\u00e9lka<\/td>\n<td>9,5 m<\/td>\n<\/tr>\n<tr>\n<td>v\u00fd\u0161ka<\/td>\n<td>3,8 m<\/td>\n<\/tr>\n<tr>\n<td>\u0161\u00ed\u0159ka<\/td>\n<td>2,7-3,0 m<\/td>\n<\/tr>\n<tr>\n<td>plocha p\u0159\u00edjmu<\/td>\n<td>12 m\u00b2<\/td>\n<\/tr>\n<tr>\n<td>objem p\u0159\u00edjmu<\/td>\n<td>5-30 m\u00b3<\/td>\n<\/tr>\n<tr>\n<td>hmotnost<\/td>\n<td>5\u00a0000 kg<\/td>\n<\/tr>\n<tr>\n<td>p\u0159\u00edkon<\/td>\n<td>7,5 kW<\/td>\n<\/tr>\n<\/tbody>\n<\/table>\n<p>&nbsp;<\/p>\n<p><strong>V\u00fdkon<\/strong><\/p>\n<table border=\"0\">\n<tbody>\n<tr>\n<td>dom\u00e1c\u00ed odpad v\u00a0pytl\u00edch<\/td>\n<td>500 &#8211; 12\u00a0000 kg\/hod<\/td>\n<\/tr>\n<tr>\n<td>dut\u00e9 obaly<\/td>\n<td>500 &#8211; 8\u00a0000 kg\/hod<\/td>\n<\/tr>\n<tr>\n<td>pap\u00edr, kartony<\/td>\n<td>2\u00a0000 \u2013 20\u00a0000 kg\/hod<\/td>\n<\/tr>\n<tr>\n<td>f\u00f3lie, bal\u00edky<\/td>\n<td>500 \u2013 4\u00a0000 kg\/hod<\/td>\n<\/tr>\n<tr>\n<td>bioodpady<\/td>\n<td>5\u00a0000 \u2013 100\u00a0000 kg\/hod<\/td>\n<\/tr>\n<tr>\n<td>kompost<\/td>\n<td>5\u00a0000 \u2013 100\u00a0000 kg\/hod<\/td>\n<\/tr>\n<\/tbody>\n<\/table>\n<p>&nbsp;<\/p>\n<p><a href=\"http:\/\/www.youtube.com\/user\/GASSNERecTec\" target=\"_blank\">Videot\u00e9ka spole\u010dnost GASSNER<\/a><\/p>\n","protected":false},"excerpt":{"rendered":"<p>P\u0159\u00edjmov\u00fd st\u016fl F\u00f6rdermat \u201eR\u201c je za\u0159\u00edzen\u00ed, kter\u00e9 slou\u017e\u00ed k pln\u011b automatick\u00e9mu d\u00e1vkov\u00e1n\u00ed nejr\u016fzn\u011bj\u0161\u00edch materi\u00e1l\u016f jako nap\u0159. bioodpad, recyklovan\u00e9 f\u00f3lie, komun\u00e1ln\u00ed odpad, elektronick\u00fd odpad atd. Rozdru\u017e\u00ed zpracov\u00e1van\u00fd materi\u00e1l [&hellip;]<\/p>\n","protected":false},"author":2,"featured_media":207,"parent":24,"menu_order":1,"comment_status":"open","ping_status":"closed","template":"produkt.php","meta":[],"_links":{"self":[{"href":"https:\/\/www.wincorp.cz\/wincorp\/index.php?rest_route=\/wp\/v2\/pages\/90"}],"collection":[{"href":"https:\/\/www.wincorp.cz\/wincorp\/index.php?rest_route=\/wp\/v2\/pages"}],"about":[{"href":"https:\/\/www.wincorp.cz\/wincorp\/index.php?rest_route=\/wp\/v2\/types\/page"}],"author":[{"embeddable":true,"href":"https:\/\/www.wincorp.cz\/wincorp\/index.php?rest_route=\/wp\/v2\/users\/2"}],"replies":[{"embeddable":true,"href":"https:\/\/www.wincorp.cz\/wincorp\/index.php?rest_route=%2Fwp%2Fv2%2Fcomments&post=90"}],"version-history":[{"count":23,"href":"https:\/\/www.wincorp.cz\/wincorp\/index.php?rest_route=\/wp\/v2\/pages\/90\/revisions"}],"predecessor-version":[{"id":400,"href":"https:\/\/www.wincorp.cz\/wincorp\/index.php?rest_route=\/wp\/v2\/pages\/90\/revisions\/400"}],"up":[{"embeddable":true,"href":"https:\/\/www.wincorp.cz\/wincorp\/index.php?rest_route=\/wp\/v2\/pages\/24"}],"wp:featuredmedia":[{"embeddable":true,"href":"https:\/\/www.wincorp.cz\/wincorp\/index.php?rest_route=\/wp\/v2\/media\/207"}],"wp:attachment":[{"href":"https:\/\/www.wincorp.cz\/wincorp\/index.php?rest_route=%2Fwp%2Fv2%2Fmedia&parent=90"}],"curies":[{"name":"wp","href":"https:\/\/api.w.org\/{rel}","templated":true}]}}